{"id":6243,"date":"2022-07-05T13:48:48","date_gmt":"2022-07-05T13:48:48","guid":{"rendered":"https:\/\/fornax2.abaccusapi.com.br\/?page_id=6243"},"modified":"2022-07-05T14:03:05","modified_gmt":"2022-07-05T14:03:05","slug":"motores-de-subscricao-e-precificacao","status":"publish","type":"page","link":"https:\/\/fornax.com.br\/en\/cases\/motores-de-subscricao-e-precificacao\/","title":{"rendered":"Underwriting and Pricing Engines"},"content":{"rendered":"<div id=\"fws_69daf71b04b35\"  data-column-margin=\"default\" data-midnight=\"dark\"  class=\"wpb_row vc_row-fluid vc_row\"  style=\"padding-top: 0px; padding-bottom: 0px; \"><div class=\"row-bg-wrap\" data-bg-animation=\"none\" data-bg-overlay=\"false\"><div class=\"inner-wrap\"><div class=\"row-bg viewport-desktop\"  style=\"\"><\/div><\/div><\/div><div class=\"row_col_wrap_12 col span_12 dark left\">\n\t<div  class=\"vc_col-sm-12 wpb_column column_container vc_column_container col no-extra-padding inherit_tablet inherit_phone\"  data-padding-pos=\"all\" data-has-bg-color=\"false\" data-bg-color=\"\" data-bg-opacity=\"1\" data-animation=\"\" data-delay=\"0\" >\n\t\t<div class=\"vc_column-inner\" >\n\t\t\t<div class=\"wpb_wrapper\">\n\t\t\t\t<div class=\"nectar-split-heading\" data-align=\"default\" data-m-align=\"inherit\" data-text-effect=\"default\" data-animation-type=\"line-reveal-by-space\" data-animation-delay=\"0\" data-animation-offset=\"\" data-m-rm-animation=\"\" data-stagger=\"\" data-custom-font-size=\"false\" ><h4 style=\" color: #e17a23;\">CASES<\/h4><\/div><div class=\"nectar-split-heading\" data-align=\"default\" data-m-align=\"inherit\" data-text-effect=\"default\" data-animation-type=\"line-reveal-by-space\" data-animation-delay=\"0\" data-animation-offset=\"\" data-m-rm-animation=\"\" data-stagger=\"\" data-custom-font-size=\"false\" ><h1 style=\" color: #004562;\">Underwriting and Pricing Engines<\/h1><\/div>\n\t\t\t<\/div> \n\t\t<\/div>\n\t<\/div> \n<\/div><\/div>\n\t\t<div id=\"fws_69daf71b04f2e\"  data-column-margin=\"default\" data-midnight=\"dark\"  class=\"wpb_row vc_row-fluid vc_row\"  style=\"padding-top: 0px; padding-bottom: 0px; \"><div class=\"row-bg-wrap\" data-bg-animation=\"none\" data-bg-overlay=\"false\"><div class=\"inner-wrap\"><div class=\"row-bg viewport-desktop\"  style=\"\"><\/div><\/div><\/div><div class=\"row_col_wrap_12 col span_12 dark left\">\n\t<div  class=\"vc_col-sm-12 wpb_column column_container vc_column_container col no-extra-padding inherit_tablet inherit_phone\"  data-padding-pos=\"all\" data-has-bg-color=\"false\" data-bg-color=\"\" data-bg-opacity=\"1\" data-animation=\"\" data-delay=\"0\" >\n\t\t<div class=\"vc_column-inner\" >\n\t\t\t<div class=\"wpb_wrapper\">\n\t\t\t\t<div class=\"divider-wrap\" data-alignment=\"default\"><div style=\"height: 25px;\" class=\"divider\"><\/div><\/div>\n\t\t\t<\/div> \n\t\t<\/div>\n\t<\/div> \n<\/div><\/div>\n\t\t<div id=\"fws_69daf71b050e7\"  data-column-margin=\"default\" data-midnight=\"dark\"  class=\"wpb_row vc_row-fluid vc_row\"  style=\"padding-top: 0px; padding-bottom: 0px; \"><div class=\"row-bg-wrap\" data-bg-animation=\"fade-in\" data-bg-overlay=\"false\"><div class=\"inner-wrap\"><div class=\"row-bg viewport-desktop\"  style=\"\"><\/div><\/div><\/div><div class=\"row_col_wrap_12 col span_12 dark left\">\n\t<div  class=\"vc_col-sm-6 wpb_column column_container vc_column_container col no-extra-padding inherit_tablet inherit_phone\"  data-padding-pos=\"all\" data-has-bg-color=\"false\" data-bg-color=\"\" data-bg-opacity=\"1\" data-animation=\"\" data-delay=\"0\" >\n\t\t<div class=\"vc_column-inner\" >\n\t\t\t<div class=\"wpb_wrapper\">\n\t\t\t\t<div class=\"img-with-aniamtion-wrap\" data-max-width=\"100%\" data-max-width-mobile=\"default\" data-shadow=\"none\" data-animation=\"fade-in\" >\n      <div class=\"inner\">\n        <div class=\"hover-wrap\"> \n          <div class=\"hover-wrap-inner\">\n            <img loading=\"lazy\" decoding=\"async\" class=\"img-with-animation skip-lazy\" data-delay=\"0\" height=\"800\" width=\"800\" data-animation=\"fade-in\" src=\"https:\/\/fornax.com.br\/wp-content\/uploads\/2022\/07\/f1.jpg\" alt=\"\" srcset=\"https:\/\/fornax.com.br\/wp-content\/uploads\/2022\/07\/f1.jpg 800w, https:\/\/fornax.com.br\/wp-content\/uploads\/2022\/07\/f1-300x300.jpg 300w, https:\/\/fornax.com.br\/wp-content\/uploads\/2022\/07\/f1-150x150.jpg 150w, https:\/\/fornax.com.br\/wp-content\/uploads\/2022\/07\/f1-768x768.jpg 768w, https:\/\/fornax.com.br\/wp-content\/uploads\/2022\/07\/f1-100x100.jpg 100w, https:\/\/fornax.com.br\/wp-content\/uploads\/2022\/07\/f1-140x140.jpg 140w, https:\/\/fornax.com.br\/wp-content\/uploads\/2022\/07\/f1-500x500.jpg 500w, https:\/\/fornax.com.br\/wp-content\/uploads\/2022\/07\/f1-350x350.jpg 350w\" sizes=\"auto, (max-width: 800px) 100vw, 800px\" \/>\n          <\/div>\n        <\/div>\n      <\/div>\n    <\/div>\n\t\t\t<\/div> \n\t\t<\/div>\n\t<\/div> \n\n\t<div  class=\"vc_col-sm-6 wpb_column column_container vc_column_container col padding-4-percent inherit_tablet inherit_phone\"  data-padding-pos=\"all\" data-has-bg-color=\"false\" data-bg-color=\"\" data-bg-opacity=\"1\" data-animation=\"\" data-delay=\"0\" >\n\t\t<div class=\"vc_column-inner\" >\n\t\t\t<div class=\"wpb_wrapper\">\n\t\t\t\t<div class=\"nectar_icon_wrap\" data-style=\"default\" data-padding=\"5px\" data-color=\"accent-color\" style=\"\" >\n\t\t<div class=\"nectar_icon\" ><i style=\"font-size: 40px; line-height: 40px; height: 40px; width: 40px;\" class=\"fa fa-search-plus\"><\/i><\/div>\n\t<\/div><div class=\"nectar-split-heading\" data-align=\"default\" data-m-align=\"inherit\" data-text-effect=\"default\" data-animation-type=\"line-reveal-by-space\" data-animation-delay=\"0\" data-animation-offset=\"\" data-m-rm-animation=\"\" data-stagger=\"\" data-custom-font-size=\"false\" ><h3 style=\" color: #e17a23;\">O que encontramos<\/h3><\/div><div class=\"nectar-fancy-ul\" data-list-icon=\"icon-salient-thin-line\" data-animation=\"true\" data-animation-delay=\"0\" data-color=\"accent-color\" data-spacing=\"default\" data-alignment=\"left\"> \n<ul>\n<li>Lack of agility and independence in managing underwriting rules and premium calculations;<\/li>\n<li>Duplicate rules and calculations across various systems;<\/li>\n<li>Difficulty in managing rules and calculations for digital transformation;<\/li>\n<li>Slow changes to rules and calculations, with high impact and high cost.<\/li>\n<\/ul>\n <\/div>\n\t\t\t<\/div> \n\t\t<\/div>\n\t<\/div> \n<\/div><\/div>\n\t\t<div id=\"fws_69daf71b05ac6\"  data-column-margin=\"default\" data-midnight=\"dark\"  class=\"wpb_row vc_row-fluid vc_row\"  style=\"padding-top: 0px; padding-bottom: 0px; \"><div class=\"row-bg-wrap\" data-bg-animation=\"none\" data-bg-overlay=\"false\"><div class=\"inner-wrap\"><div class=\"row-bg viewport-desktop\"  style=\"\"><\/div><\/div><\/div><div class=\"row_col_wrap_12 col span_12 dark left\">\n\t<div  class=\"vc_col-sm-12 wpb_column column_container vc_column_container col no-extra-padding inherit_tablet inherit_phone\"  data-padding-pos=\"all\" data-has-bg-color=\"false\" data-bg-color=\"\" data-bg-opacity=\"1\" data-animation=\"\" data-delay=\"0\" >\n\t\t<div class=\"vc_column-inner\" >\n\t\t\t<div class=\"wpb_wrapper\">\n\t\t\t\t<div class=\"divider-wrap\" data-alignment=\"default\"><div style=\"margin-top: 12.5px; height: 1px; margin-bottom: 12.5px;\" data-width=\"100%\" data-animate=\"yes\" data-animation-delay=\"\" data-color=\"accent-color\" class=\"divider-border\"><\/div><\/div>\n\t\t\t<\/div> \n\t\t<\/div>\n\t<\/div> \n<\/div><\/div>\n\t\t<div id=\"fws_69daf71b05bee\"  data-column-margin=\"default\" data-midnight=\"dark\"  class=\"wpb_row vc_row-fluid vc_row\"  style=\"padding-top: 0px; padding-bottom: 0px; \"><div class=\"row-bg-wrap\" data-bg-animation=\"fade-in\" data-bg-overlay=\"false\"><div class=\"inner-wrap\"><div class=\"row-bg viewport-desktop\"  style=\"\"><\/div><\/div><\/div><div class=\"row_col_wrap_12 col span_12 dark left\">\n\t<div  class=\"vc_col-sm-6 wpb_column column_container vc_column_container col padding-4-percent inherit_tablet inherit_phone\"  data-padding-pos=\"all\" data-has-bg-color=\"false\" data-bg-color=\"\" data-bg-opacity=\"1\" data-animation=\"\" data-delay=\"0\" >\n\t\t<div class=\"vc_column-inner\" >\n\t\t\t<div class=\"wpb_wrapper\">\n\t\t\t\t<div class=\"nectar_icon_wrap\" data-style=\"default\" data-padding=\"5px\" data-color=\"extra-color-1\" style=\"\" >\n\t\t<div class=\"nectar_icon\" ><i style=\"font-size: 40px; line-height: 40px; height: 40px; width: 40px;\" class=\"fa fa-cubes\"><\/i><\/div>\n\t<\/div><div class=\"nectar-split-heading\" data-align=\"default\" data-m-align=\"inherit\" data-text-effect=\"default\" data-animation-type=\"line-reveal-by-space\" data-animation-delay=\"0\" data-animation-offset=\"\" data-m-rm-animation=\"\" data-stagger=\"\" data-custom-font-size=\"false\" ><h3 style=\" color: #004562;\">Nossa solu\u00e7\u00e3o<\/h3><\/div><div class=\"nectar-fancy-ul\" data-list-icon=\"icon-salient-thin-line\" data-animation=\"true\" data-animation-delay=\"0\" data-color=\"accent-color\" data-spacing=\"default\" data-alignment=\"left\"> \n<ul>\n<li>BRMS solution for business rules and calculations, utilizing a low-code approach for development, providing agility and independence to business areas;<\/li>\n<li>Generation of services (engines) for rules and calculations, enabling centralized decision-making, with the integration of various channels and systems into a single decision-making source;<\/li>\n<li>Agility for the business area, reducing time-to-market and allowing immediate adaptation to market changes;<\/li>\n<li>Compliance for the IT area, with a single repository of rules and calculations monitored by audit trails.<\/li>\n<\/ul>\n <\/div>\n\t\t\t<\/div> \n\t\t<\/div>\n\t<\/div> \n\n\t<div  class=\"vc_col-sm-6 wpb_column column_container vc_column_container col no-extra-padding inherit_tablet inherit_phone\"  data-padding-pos=\"all\" data-has-bg-color=\"false\" data-bg-color=\"\" data-bg-opacity=\"1\" data-animation=\"\" data-delay=\"0\" >\n\t\t<div class=\"vc_column-inner\" >\n\t\t\t<div class=\"wpb_wrapper\">\n\t\t\t\t<div class=\"img-with-aniamtion-wrap\" data-max-width=\"100%\" data-max-width-mobile=\"default\" data-shadow=\"none\" data-animation=\"fade-in\" >\n      <div class=\"inner\">\n        <div class=\"hover-wrap\"> \n          <div class=\"hover-wrap-inner\">\n            <img loading=\"lazy\" decoding=\"async\" class=\"img-with-animation skip-lazy\" data-delay=\"0\" height=\"800\" width=\"800\" data-animation=\"fade-in\" src=\"https:\/\/fornax.com.br\/wp-content\/uploads\/2022\/07\/e2.jpg\" alt=\"\" srcset=\"https:\/\/fornax.com.br\/wp-content\/uploads\/2022\/07\/e2.jpg 800w, https:\/\/fornax.com.br\/wp-content\/uploads\/2022\/07\/e2-300x300.jpg 300w, https:\/\/fornax.com.br\/wp-content\/uploads\/2022\/07\/e2-150x150.jpg 150w, https:\/\/fornax.com.br\/wp-content\/uploads\/2022\/07\/e2-768x768.jpg 768w, https:\/\/fornax.com.br\/wp-content\/uploads\/2022\/07\/e2-100x100.jpg 100w, https:\/\/fornax.com.br\/wp-content\/uploads\/2022\/07\/e2-140x140.jpg 140w, https:\/\/fornax.com.br\/wp-content\/uploads\/2022\/07\/e2-500x500.jpg 500w, https:\/\/fornax.com.br\/wp-content\/uploads\/2022\/07\/e2-350x350.jpg 350w\" sizes=\"auto, (max-width: 800px) 100vw, 800px\" \/>\n          <\/div>\n        <\/div>\n      <\/div>\n    <\/div>\n\t\t\t<\/div> \n\t\t<\/div>\n\t<\/div> \n<\/div><\/div>","protected":false},"excerpt":{"rendered":"CASESMotores de Subscri\u00e7\u00e3o e Precifica\u00e7\u00e3o O que encontramos Falta de agilidade e independ\u00eancia para a gest\u00e3o de regras de subscri\u00e7\u00e3o e c\u00e1lculos de pr\u00eamios; Regras e c\u00e1lculos duplicados em diversos...","protected":false},"author":1,"featured_media":0,"parent":6217,"menu_order":0,"comment_status":"closed","ping_status":"closed","template":"","meta":{"_monsterinsights_skip_tracking":false,"_monsterinsights_sitenote_active":false,"_monsterinsights_sitenote_note":"","_monsterinsights_sitenote_category":0,"footnotes":""},"class_list":["post-6243","page","type-page","status-publish"],"aioseo_notices":[],"_links":{"self":[{"href":"https:\/\/fornax.com.br\/en\/wp-json\/wp\/v2\/pages\/6243","targetHints":{"allow":["GET"]}}],"collection":[{"href":"https:\/\/fornax.com.br\/en\/wp-json\/wp\/v2\/pages"}],"about":[{"href":"https:\/\/fornax.com.br\/en\/wp-json\/wp\/v2\/types\/page"}],"author":[{"embeddable":true,"href":"https:\/\/fornax.com.br\/en\/wp-json\/wp\/v2\/users\/1"}],"replies":[{"embeddable":true,"href":"https:\/\/fornax.com.br\/en\/wp-json\/wp\/v2\/comments?post=6243"}],"version-history":[{"count":0,"href":"https:\/\/fornax.com.br\/en\/wp-json\/wp\/v2\/pages\/6243\/revisions"}],"up":[{"embeddable":true,"href":"https:\/\/fornax.com.br\/en\/wp-json\/wp\/v2\/pages\/6217"}],"wp:attachment":[{"href":"https:\/\/fornax.com.br\/en\/wp-json\/wp\/v2\/media?parent=6243"}],"curies":[{"name":"wp","href":"https:\/\/api.w.org\/{rel}","templated":true}]}}